{"id":5428,"date":"2020-02-13T10:05:31","date_gmt":"2020-02-13T10:05:31","guid":{"rendered":"https:\/\/manuelperezabogado.es\/foreigners\/"},"modified":"2024-10-11T10:35:55","modified_gmt":"2024-10-11T10:35:55","slug":"foreigners","status":"publish","type":"page","link":"https:\/\/manuelperezabogado.es\/en\/foreigners\/","title":{"rendered":"Foreigners"},"content":{"rendered":"<div class=\"wpb-content-wrapper\"><p>[vc_row background=&#8221;#f2f2f2&#8243;][vc_column][vc_empty_space][vc_column_text]<\/p>\n<h1 style=\"text-align: center;\"><span style=\"font-size: 24pt; color: #003265;\">Immigration Services in Spain | Obtaining Residency and Nationality Permits<\/span><\/h1>\n<p>&nbsp;<\/p>\n<p style=\"text-align: justify;\"><span style=\"font-size: 14pt;\">At Manuel Perez Abogados, as a <a href=\"https:\/\/www.instagram.com\/p\/CgMIQqltUS4\/?img_index=1\">Lawyer of Immigration Procedures in Cadiz<\/a>, we offer a wide range of services related to immigration law in Spain. Our goal is to facilitate the procedures and processes for obtaining residence permits, residence cards and Spanish nationality. <\/span><\/p>\n<p style=\"text-align: justify;\"><span style=\"font-size: 14pt;\">Residence permit services: We have a team of experts in Tr\u00e1mites de Extranjer\u00eda in C\u00e1diz who will guide you through the entire process of applying for residence permits in Spain. Whether you need a residence permit for study, work, investment or family reunification, we are here as a Tr\u00e1mites de Extranjer\u00eda Lawyer in Cadiz to help you submit a solid application and increase your chances of approval. <\/span><\/p>\n<p style=\"text-align: justify;\"><span style=\"font-size: 14pt;\">Residency cards and Spanish nationality: If you wish to obtain a residency card or apply for Spanish nationality, our specialized legal team as an Immigration Lawyer in Cadiz will provide you with the necessary advice. We will guide you through the corresponding requirements, documents and procedures, making sure you have all the information and legal support necessary to achieve your goal. <\/span><\/p>\n<p style=\"text-align: justify;\"><span style=\"font-size: 14pt;\">Management of visas and Letters of Invitation: If you need to apply for a visa at the Spanish Consulate, we can handle the entire process on your behalf. In addition, if you require a Letter of Invitation to receive family or friends in Spain, we will provide you with the necessary assistance as an Immigration Lawyer in Cadiz to obtain it efficiently. <\/span><\/p>\n<p style=\"text-align: justify;\"><span style=\"font-size: 14pt;\">Administrative and contentious-administrative appeals: In case you face a denial or any other type of inconvenience in your immigration proceedings, our team as Immigration Lawyer in Cadiz is prepared to file administrative appeals or contentious-administrative appeals before the competent Courts, including the Audiencia Nacional. We will make sure to defend your legal rights and fight for a favorable resolution. <\/span><\/p>\n<p style=\"text-align: justify;\"><span style=\"font-size: 14pt;\">Rely on Manuel Perez Abogados as an immigration lawyer in Cadiz to provide you with a professional and personalized service in immigration matters in Spain. Our commitment as an immigration lawyer in Cadiz is to provide you with the legal advice you need and to simplify the process so that you can effectively achieve your goals. We are here to represent you every step of the way and protect your interests in immigration matters in Cadiz.  <\/span><\/p>\n<p>[\/vc_column_text][vc_empty_space][vc_separator color=&#8221;custom&#8221; border_width=&#8221;4&#8243; accent_color=&#8221;#003265&#8243;][\/vc_column][\/vc_row][vc_row row_type=&#8221;full-width&#8221; background=&#8221;#003265&#8243; el_id=&#8221;foreigners&#8221;][vc_column width=&#8221;1\/2&#8243;][vc_empty_space height=&#8221;50px&#8221;]\r\n        <div class=\"ft-cards \">\r\n            <div class=\"ft-item\">\r\n                <span class=\"ft-card-icon et-tools\" ><\/span>\r\n                <h4  style=\" color: #003265;\">RESIDENCE PERMITS<\/h4><div class=\"wpb_text_column wpb_content_element \">\n<div class=\"wpb_wrapper\">\n<p style=\"text-align: justify;\">Do you want to reside legally in Spain? In our immigration law firm we will provide you with a reliable service for the processing of your residence permit in Spain. Let us guide and expedite your process, ensuring that you meet all the requirements for a safe and hassle-free residency.  <\/p>\n<\/div>\n<\/div>\n\r\n            <\/div>\r\n        <\/div>[vc_empty_space height=&#8221;325px&#8221;]\r\n        <div class=\"ft-cards \">\r\n            <div class=\"ft-item\">\r\n                <span class=\"ft-card-icon et-tools\" ><\/span>\r\n                <h4  style=\" color: #003265;\">VISAS<\/h4><div class=\"wpb_text_column wpb_content_element \">\n<div class=\"wpb_wrapper\">\n<p style=\"text-align: justify;\">If you are thinking of traveling to Spain in our office we offer advice and management of visas for tourism, work, studies and family reunification. Trust us for a safe and efficient process. <\/p>\n<\/div>\n<\/div>\n\r\n            <\/div>\r\n        <\/div>[vc_empty_space][\/vc_column][vc_column width=&#8221;1\/2&#8243; css=&#8221;.vc_custom_1690357473107{margin-top: 360px !important;}&#8221;][vc_empty_space height=&#8221;50px&#8221;]\r\n        <div class=\"ft-cards \">\r\n            <div class=\"ft-item\">\r\n                <span class=\"ft-card-icon et-tools\" ><\/span>\r\n                <h4  style=\" color: #003265;\">NATIONALITY<\/h4><div class=\"wpb_text_column wpb_content_element \">\n<div class=\"wpb_wrapper\">\n<p style=\"text-align: justify;\">Do you dream of obtaining Spanish nationality? At our firm, we offer you comprehensive advice to facilitate the process of acquiring Spanish nationality. From the preparation of documents and the filing of the application to accompanying you to the swearing in of the nationality, we are committed to helping you achieve your goal efficiently and successfully.  <\/p>\n<\/div>\n<\/div>\n\r\n            <\/div>\r\n        <\/div>[vc_empty_space][\/vc_column][\/vc_row][vc_row background=&#8221;#f2f2f2&#8243;][vc_column][vc_empty_space][vc_single_image image=&#8221;5427&#8243; img_size=&#8221;full&#8221; alignment=&#8221;center&#8221;][vc_empty_space height=&#8221;10px&#8221;][\/vc_column][\/vc_row]<\/p>\n<\/div>","protected":false},"excerpt":{"rendered":"<p>[vc_row background=&#8221;#f2f2f2&#8243;][vc_column][vc_empty_space][vc_column_text] Immigration Services in Spain | Obtaining Residency and Nationality Permits &nbsp; At Manuel Perez Abogados, as a Lawyer of Immigration &hellip; <\/p>\n<p><a href=\"https:\/\/manuelperezabogado.es\/en\/foreigners\/\" class=\"read-more-btn btn btn-small\">Leer M\u00e1s<span class=\"screen-reader-text\">Foreigners<\/span><\/a><\/p>\n","protected":false},"author":1,"featured_media":0,"parent":0,"menu_order":0,"comment_status":"closed","ping_status":"closed","template":"page-vc.php","meta":{"_acf_changed":false,"footnotes":""},"class_list":["post-5428","page","type-page","status-publish","hentry"],"acf":[],"yoast_head":"<!-- This site is optimized with the Yoast SEO plugin v27.4 - https:\/\/yoast.com\/product\/yoast-seo-wordpress\/ -->\n<title>Immigration Procedures Lawyer - Manuel P\u00e9rez Rey<\/title>\n<meta name=\"description\" content=\"Lawyer for immigration procedures. Obtaining residence permits, residence cards, Spanish nationality, visas, roots...\" \/>\n<meta name=\"robots\" content=\"index, follow, max-snippet:-1, max-image-preview:large, max-video-preview:-1\" \/>\n<link rel=\"canonical\" href=\"https:\/\/manuelperezabogado.es\/en\/foreigners\/\" \/>\n<meta property=\"og:locale\" content=\"en_US\" \/>\n<meta property=\"og:type\" content=\"article\" \/>\n<meta property=\"og:title\" content=\"Immigration Procedures Lawyer - Manuel P\u00e9rez Rey\" \/>\n<meta property=\"og:description\" content=\"Lawyer for immigration procedures. Obtaining residence permits, residence cards, Spanish nationality, visas, roots...\" \/>\n<meta property=\"og:url\" content=\"https:\/\/manuelperezabogado.es\/en\/foreigners\/\" \/>\n<meta property=\"og:site_name\" content=\"Manuel P\u00e9rez Rey\" \/>\n<meta property=\"article:modified_time\" content=\"2024-10-11T10:35:55+00:00\" \/>\n<meta name=\"twitter:card\" content=\"summary_large_image\" \/>\n<meta name=\"twitter:label1\" content=\"Est. reading time\" \/>\n\t<meta name=\"twitter:data1\" content=\"3 minutes\" \/>\n<script type=\"application\/ld+json\" class=\"yoast-schema-graph\">{\"@context\":\"https:\\\/\\\/schema.org\",\"@graph\":[{\"@type\":\"WebPage\",\"@id\":\"https:\\\/\\\/manuelperezabogado.es\\\/en\\\/foreigners\\\/\",\"url\":\"https:\\\/\\\/manuelperezabogado.es\\\/en\\\/foreigners\\\/\",\"name\":\"Immigration Procedures Lawyer - Manuel P\u00e9rez Rey\",\"isPartOf\":{\"@id\":\"https:\\\/\\\/manuelperezabogado.es\\\/#website\"},\"datePublished\":\"2020-02-13T10:05:31+00:00\",\"dateModified\":\"2024-10-11T10:35:55+00:00\",\"description\":\"Lawyer for immigration procedures. Obtaining residence permits, residence cards, Spanish nationality, visas, roots...\",\"breadcrumb\":{\"@id\":\"https:\\\/\\\/manuelperezabogado.es\\\/en\\\/foreigners\\\/#breadcrumb\"},\"inLanguage\":\"en-US\",\"potentialAction\":[{\"@type\":\"ReadAction\",\"target\":[\"https:\\\/\\\/manuelperezabogado.es\\\/en\\\/foreigners\\\/\"]}]},{\"@type\":\"BreadcrumbList\",\"@id\":\"https:\\\/\\\/manuelperezabogado.es\\\/en\\\/foreigners\\\/#breadcrumb\",\"itemListElement\":[{\"@type\":\"ListItem\",\"position\":1,\"name\":\"Portada\",\"item\":\"https:\\\/\\\/manuelperezabogado.es\\\/\"},{\"@type\":\"ListItem\",\"position\":2,\"name\":\"Foreigners\"}]},{\"@type\":\"WebSite\",\"@id\":\"https:\\\/\\\/manuelperezabogado.es\\\/#website\",\"url\":\"https:\\\/\\\/manuelperezabogado.es\\\/\",\"name\":\"Manuel P\u00e9rez Rey\",\"description\":\"\",\"publisher\":{\"@id\":\"https:\\\/\\\/manuelperezabogado.es\\\/#organization\"},\"potentialAction\":[{\"@type\":\"SearchAction\",\"target\":{\"@type\":\"EntryPoint\",\"urlTemplate\":\"https:\\\/\\\/manuelperezabogado.es\\\/?s={search_term_string}\"},\"query-input\":{\"@type\":\"PropertyValueSpecification\",\"valueRequired\":true,\"valueName\":\"search_term_string\"}}],\"inLanguage\":\"en-US\"},{\"@type\":\"Organization\",\"@id\":\"https:\\\/\\\/manuelperezabogado.es\\\/#organization\",\"name\":\"Manuel P\u00e9rez Rey Abogado\",\"url\":\"https:\\\/\\\/manuelperezabogado.es\\\/\",\"logo\":{\"@type\":\"ImageObject\",\"inLanguage\":\"en-US\",\"@id\":\"https:\\\/\\\/manuelperezabogado.es\\\/#\\\/schema\\\/logo\\\/image\\\/\",\"url\":\"https:\\\/\\\/manuelperezabogado.es\\\/wp-content\\\/uploads\\\/2023\\\/07\\\/MP_Logo_Vertical.png\",\"contentUrl\":\"https:\\\/\\\/manuelperezabogado.es\\\/wp-content\\\/uploads\\\/2023\\\/07\\\/MP_Logo_Vertical.png\",\"width\":2133,\"height\":2989,\"caption\":\"Manuel P\u00e9rez Rey Abogado\"},\"image\":{\"@id\":\"https:\\\/\\\/manuelperezabogado.es\\\/#\\\/schema\\\/logo\\\/image\\\/\"},\"sameAs\":[\"https:\\\/\\\/www.instagram.com\\\/manuelperez.abogado\\\/?hl=es\",\"https:\\\/\\\/www.linkedin.com\\\/in\\\/manuelprezrey\"]}]}<\/script>\n<!-- \/ Yoast SEO plugin. -->","yoast_head_json":{"title":"Immigration Procedures Lawyer - Manuel P\u00e9rez Rey","description":"Lawyer for immigration procedures. Obtaining residence permits, residence cards, Spanish nationality, visas, roots...","robots":{"index":"index","follow":"follow","max-snippet":"max-snippet:-1","max-image-preview":"max-image-preview:large","max-video-preview":"max-video-preview:-1"},"canonical":"https:\/\/manuelperezabogado.es\/en\/foreigners\/","og_locale":"en_US","og_type":"article","og_title":"Immigration Procedures Lawyer - Manuel P\u00e9rez Rey","og_description":"Lawyer for immigration procedures. Obtaining residence permits, residence cards, Spanish nationality, visas, roots...","og_url":"https:\/\/manuelperezabogado.es\/en\/foreigners\/","og_site_name":"Manuel P\u00e9rez Rey","article_modified_time":"2024-10-11T10:35:55+00:00","twitter_card":"summary_large_image","twitter_misc":{"Est. reading time":"3 minutes"},"schema":{"@context":"https:\/\/schema.org","@graph":[{"@type":"WebPage","@id":"https:\/\/manuelperezabogado.es\/en\/foreigners\/","url":"https:\/\/manuelperezabogado.es\/en\/foreigners\/","name":"Immigration Procedures Lawyer - Manuel P\u00e9rez Rey","isPartOf":{"@id":"https:\/\/manuelperezabogado.es\/#website"},"datePublished":"2020-02-13T10:05:31+00:00","dateModified":"2024-10-11T10:35:55+00:00","description":"Lawyer for immigration procedures. Obtaining residence permits, residence cards, Spanish nationality, visas, roots...","breadcrumb":{"@id":"https:\/\/manuelperezabogado.es\/en\/foreigners\/#breadcrumb"},"inLanguage":"en-US","potentialAction":[{"@type":"ReadAction","target":["https:\/\/manuelperezabogado.es\/en\/foreigners\/"]}]},{"@type":"BreadcrumbList","@id":"https:\/\/manuelperezabogado.es\/en\/foreigners\/#breadcrumb","itemListElement":[{"@type":"ListItem","position":1,"name":"Portada","item":"https:\/\/manuelperezabogado.es\/"},{"@type":"ListItem","position":2,"name":"Foreigners"}]},{"@type":"WebSite","@id":"https:\/\/manuelperezabogado.es\/#website","url":"https:\/\/manuelperezabogado.es\/","name":"Manuel P\u00e9rez Rey","description":"","publisher":{"@id":"https:\/\/manuelperezabogado.es\/#organization"},"potentialAction":[{"@type":"SearchAction","target":{"@type":"EntryPoint","urlTemplate":"https:\/\/manuelperezabogado.es\/?s={search_term_string}"},"query-input":{"@type":"PropertyValueSpecification","valueRequired":true,"valueName":"search_term_string"}}],"inLanguage":"en-US"},{"@type":"Organization","@id":"https:\/\/manuelperezabogado.es\/#organization","name":"Manuel P\u00e9rez Rey Abogado","url":"https:\/\/manuelperezabogado.es\/","logo":{"@type":"ImageObject","inLanguage":"en-US","@id":"https:\/\/manuelperezabogado.es\/#\/schema\/logo\/image\/","url":"https:\/\/manuelperezabogado.es\/wp-content\/uploads\/2023\/07\/MP_Logo_Vertical.png","contentUrl":"https:\/\/manuelperezabogado.es\/wp-content\/uploads\/2023\/07\/MP_Logo_Vertical.png","width":2133,"height":2989,"caption":"Manuel P\u00e9rez Rey Abogado"},"image":{"@id":"https:\/\/manuelperezabogado.es\/#\/schema\/logo\/image\/"},"sameAs":["https:\/\/www.instagram.com\/manuelperez.abogado\/?hl=es","https:\/\/www.linkedin.com\/in\/manuelprezrey"]}]}},"_links":{"self":[{"href":"https:\/\/manuelperezabogado.es\/en\/wp-json\/wp\/v2\/pages\/5428","targetHints":{"allow":["GET"]}}],"collection":[{"href":"https:\/\/manuelperezabogado.es\/en\/wp-json\/wp\/v2\/pages"}],"about":[{"href":"https:\/\/manuelperezabogado.es\/en\/wp-json\/wp\/v2\/types\/page"}],"author":[{"embeddable":true,"href":"https:\/\/manuelperezabogado.es\/en\/wp-json\/wp\/v2\/users\/1"}],"replies":[{"embeddable":true,"href":"https:\/\/manuelperezabogado.es\/en\/wp-json\/wp\/v2\/comments?post=5428"}],"version-history":[{"count":3,"href":"https:\/\/manuelperezabogado.es\/en\/wp-json\/wp\/v2\/pages\/5428\/revisions"}],"predecessor-version":[{"id":5440,"href":"https:\/\/manuelperezabogado.es\/en\/wp-json\/wp\/v2\/pages\/5428\/revisions\/5440"}],"wp:attachment":[{"href":"https:\/\/manuelperezabogado.es\/en\/wp-json\/wp\/v2\/media?parent=5428"}],"curies":[{"name":"wp","href":"https:\/\/api.w.org\/{rel}","templated":true}]}}